{"id":89059,"date":"2025-03-16T21:36:30","date_gmt":"2025-03-16T20:36:30","guid":{"rendered":"https:\/\/trenditaly.it\/product\/ricevitore-gps-plug-and-play-per-honda-hrc-cbr-1000-rr-r-pzracing-ho601-hrc-tronic\/"},"modified":"2025-03-16T21:36:30","modified_gmt":"2025-03-16T20:36:30","slug":"ricevitore-gps-plug-and-play-per-honda-hrc-cbr-1000-rr-r-pzracing-ho601-hrc-tronic","status":"publish","type":"product","link":"https:\/\/trenditaly.it\/en\/product\/ricevitore-gps-plug-and-play-per-honda-hrc-cbr-1000-rr-r-pzracing-ho601-hrc-tronic\/","title":{"rendered":"Ricevitore GPS plug and play per Honda HRC CBR 1000 RR-R PZRacing HO601 HRC-Tronic"},"content":{"rendered":"<p>Ricevitore GPS 50Hz plug &#038; play per modelli Honda CBR 1000 RR-R. Il ricevitore utilizza come display il cruscotto originale della moto; il tempo effettuato viene visualizzato direttamente sul vostro cruscotto, i dati memorizzati nella strumentazione originale possono essere facilmente richiamati sul display.<\/p>\n<p>Circuiti pi\u00f9 famosi del mondo precaricati, non sar\u00e0 pi\u00f9 necessario premere alcun pulsante in pista per effettuare la memorizzazione delle coordinate del traguardo.<\/p>\n<p>Intertempi \/ ideal time, oltre a visualizzare il tempo sul giro sul cruscotto in tempo reale, finita la sessione si potranno scaricare i dati memorizzati e visualizzare sul software i tempi intermedi e l\u2019ideal time della sessione.<\/p>\n<p>Scarico dati Wi-Fi, modulo Wi-Fi integrato a bordo che permette uno scarico dati veloce ed una connessione stabile, circa 20 secondi per una sessione di 20 minuti.<\/p>\n<p>Acquisizione dati, tutti i dati rilevati dal GPS verranno memorizzati nella memoria interna del ricevitore (6 ore di registrazione), in seguito sar\u00e0 possibile scaricarli e visualizzarli sul software RacePro.<\/p>\n<p>&#8211; Traiettorie<br \/>&#8211; Velocit\u00e0 GPS<br \/>&#8211; Tempi\/Intertempi<br \/>\u2013 Ideal time<br \/>&#8211; Angolo di piega (calcolato)<\/p>\n<p>Angolo di piega: grazie ad un algoritmo specifico potrai conoscere l\u2019angolo di piega per ogni singola curva del circuito, tutto questo senza dover installare alcun sensore o accessorio sulla moto.<\/p>\n<p>HondaTronic pu\u00f2 essere utilizzato sui seguenti modelli:<\/p>\n<p>&#8211; Honda CBR 1000 RR-R 2020\/23 (cablaggio HRC)<br \/>&#8211; Honda CBR 1000 RR-R SP 2020\/23 (cablaggio HRC)<br \/>&#8211; Honda CBR 600 RR 2021\/23 Race Base (cablaggio HRC)<\/p>\n<p>HO601 \u00e8 compatibile SOLO con cablaggio HRC<\/p>\n<p>Made in Italy<br \/>Official PZRacing 2-year warranty<\/p>\n<p>Click on the following links to download the attachments:<\/p>\n<p><a href=\"https:\/\/www.pzracing.it\/manuals\/HondaTronic_HO601_en.pdf\" target=\"_blank\" rel=\"noopener\"><span style=\"color: #dd0000;\"><strong>MANUAL<\/strong><\/span><\/a><\/p>","protected":false},"excerpt":{"rendered":"<p>Per modelli CBR 600-1000 RR-R e SP con cablaggio HRC<\/p>","protected":false},"featured_media":0,"template":"","meta":{"ocean_post_layout":"","ocean_both_sidebars_style":"","ocean_both_sidebars_content_width":0,"ocean_both_sidebars_sidebars_width":0,"ocean_sidebar":"","ocean_second_sidebar":"","ocean_disable_margins":"enable","ocean_add_body_class":"","ocean_shortcode_before_top_bar":"","ocean_shortcode_after_top_bar":"","ocean_shortcode_before_header":"","ocean_shortcode_after_header":"","ocean_has_shortcode":"","ocean_shortcode_after_title":"","ocean_shortcode_before_footer_widgets":"","ocean_shortcode_after_footer_widgets":"","ocean_shortcode_before_footer_bottom":"","ocean_shortcode_after_footer_bottom":"","ocean_display_top_bar":"default","ocean_display_header":"default","ocean_header_style":"","ocean_center_header_left_menu":"","ocean_custom_header_template":"","ocean_custom_logo":0,"ocean_custom_retina_logo":0,"ocean_custom_logo_max_width":0,"ocean_custom_logo_tablet_max_width":0,"ocean_custom_logo_mobile_max_width":0,"ocean_custom_logo_max_height":0,"ocean_custom_logo_tablet_max_height":0,"ocean_custom_logo_mobile_max_height":0,"ocean_header_custom_menu":"","ocean_menu_typo_font_family":"","ocean_menu_typo_font_subset":"","ocean_menu_typo_font_size":0,"ocean_menu_typo_font_size_tablet":0,"ocean_menu_typo_font_size_mobile":0,"ocean_menu_typo_font_size_unit":"px","ocean_menu_typo_font_weight":"","ocean_menu_typo_font_weight_tablet":"","ocean_menu_typo_font_weight_mobile":"","ocean_menu_typo_transform":"","ocean_menu_typo_transform_tablet":"","ocean_menu_typo_transform_mobile":"","ocean_menu_typo_line_height":0,"ocean_menu_typo_line_height_tablet":0,"ocean_menu_typo_line_height_mobile":0,"ocean_menu_typo_line_height_unit":"","ocean_menu_typo_spacing":0,"ocean_menu_typo_spacing_tablet":0,"ocean_menu_typo_spacing_mobile":0,"ocean_menu_typo_spacing_unit":"","ocean_menu_link_color":"","ocean_menu_link_color_hover":"","ocean_menu_link_color_active":"","ocean_menu_link_background":"","ocean_menu_link_hover_background":"","ocean_menu_link_active_background":"","ocean_menu_social_links_bg":"","ocean_menu_social_hover_links_bg":"","ocean_menu_social_links_color":"","ocean_menu_social_hover_links_color":"","ocean_disable_title":"default","ocean_disable_heading":"default","ocean_post_title":"","ocean_post_subheading":"","ocean_post_title_style":"","ocean_post_title_background_color":"","ocean_post_title_background":0,"ocean_post_title_bg_image_position":"","ocean_post_title_bg_image_attachment":"","ocean_post_title_bg_image_repeat":"","ocean_post_title_bg_image_size":"","ocean_post_title_height":0,"ocean_post_title_bg_overlay":0.5,"ocean_post_title_bg_overlay_color":"","ocean_disable_breadcrumbs":"default","ocean_breadcrumbs_color":"","ocean_breadcrumbs_separator_color":"","ocean_breadcrumbs_links_color":"","ocean_breadcrumbs_links_hover_color":"","ocean_display_footer_widgets":"default","ocean_display_footer_bottom":"default","ocean_custom_footer_template":""},"product_brand":[],"product_cat":[19469],"product_tag":[19496],"class_list":{"0":"post-89059","1":"product","2":"type-product","3":"status-publish","5":"product_cat-strumentazione-elettronica","6":"product_tag-ricevitore-gps","7":"product_shipping_class-standard","9":"entry","11":"first","12":"instock","13":"taxable","14":"shipping-taxable","15":"purchasable","16":"product-type-simple","17":"has-product-nav","18":"col","19":"span_1_of_4","20":"owp-content-center","21":"owp-thumbs-layout-horizontal","22":"owp-btn-normal","23":"owp-tabs-layout-horizontal","24":"has-no-thumbnails"},"aioseo_notices":[],"_links":{"self":[{"href":"https:\/\/trenditaly.it\/en\/wp-json\/wp\/v2\/product\/89059","targetHints":{"allow":["GET"]}}],"collection":[{"href":"https:\/\/trenditaly.it\/en\/wp-json\/wp\/v2\/product"}],"about":[{"href":"https:\/\/trenditaly.it\/en\/wp-json\/wp\/v2\/types\/product"}],"version-history":[{"count":0,"href":"https:\/\/trenditaly.it\/en\/wp-json\/wp\/v2\/product\/89059\/revisions"}],"wp:attachment":[{"href":"https:\/\/trenditaly.it\/en\/wp-json\/wp\/v2\/media?parent=89059"}],"wp:term":[{"taxonomy":"product_brand","embeddable":true,"href":"https:\/\/trenditaly.it\/en\/wp-json\/wp\/v2\/product_brand?post=89059"},{"taxonomy":"product_cat","embeddable":true,"href":"https:\/\/trenditaly.it\/en\/wp-json\/wp\/v2\/product_cat?post=89059"},{"taxonomy":"product_tag","embeddable":true,"href":"https:\/\/trenditaly.it\/en\/wp-json\/wp\/v2\/product_tag?post=89059"}],"curies":[{"name":"wp","href":"https:\/\/api.w.org\/{rel}","templated":true}]}}