{"id":89042,"date":"2025-03-16T21:36:25","date_gmt":"2025-03-16T20:36:25","guid":{"rendered":"https:\/\/trenditaly.it\/product\/luce-posteriore-per-auto-a-4-modalita-pzracing-rl100-rear-light\/"},"modified":"2025-03-16T21:36:25","modified_gmt":"2025-03-16T20:36:25","slug":"luce-posteriore-per-auto-a-4-modalita-pzracing-rl100-rear-light","status":"publish","type":"product","link":"https:\/\/trenditaly.it\/en\/product\/luce-posteriore-per-auto-a-4-modalita-pzracing-rl100-rear-light\/","title":{"rendered":"Luce posteriore per auto a 4 modalit\u00e0 PZRacing RL100 Rear Light"},"content":{"rendered":"<p>Rear Light \u00e8 un fanale posteriore studiato per le auto da competizione.<\/p>\n<p>La luce posteriore pu\u00f2 essere utilizzata sia per le condizioni di bagnato in cui la luce \u00e8 obbligatoria sia per le condizioni di asciutto grazie alle varie modalit\u00e0 di utilizzo:<\/p>\n<p>1- fisso<br \/>2- lampeggiante<br \/>3- luce freno<br \/>4- lampeggiante + luce freno<\/p>\n<p>Grazie ai due bulloni nella parte posteriore della scocca sar\u00e0 possibile installare in modo semplice il fanale sia in posizione verticale che orizzontale.<br \/>Rear Light \u00e8 completamente resinato per garantire l\u2019impermeabilit\u00e0 anche nelle peggiori condizioni.<\/p>\n<p>Technical features:<\/p>\n<p>&#8211; 16 led rossi ultraluminosi<br \/>&#8211; 4 modalit\u00e0<br \/>&#8211; 2 bulloni M6 d\u2019acciaio<br \/>&#8211; Alimentazione 12V<br \/>&#8211; Impermeabile<br \/>&#8211; Dimensioni: 88\u00d763\u00d714mm<\/p>\n<p>Made in Italy<br \/>Official PZRacing 2-year warranty<\/p>\n<p>Click on the following links to download the attachments:<\/p>\n<p><a href=\"https:\/\/www.pzracing.it\/manuals\/MiniMeter_MM200.pdf\" target=\"_blank\" rel=\"noopener\"><span style=\"color: #dd0000;\"><strong>MANUAL<\/strong><\/span><\/a><\/p>","protected":false},"excerpt":{"rendered":"<p>Rear Light \u00e8 un fanale posteriore studiato per le auto da competizione. La luce posteriore pu\u00f2 essere utilizzata sia per le condizioni di bagnato in cui la luce \u00e8 obbligatoria sia per le condizioni di asciutto grazie alle varie modalit\u00e0 di utilizzo: 1- fisso2- lampeggiante3- luce freno4- lampeggiante + luce freno Grazie ai due bulloni [&hellip;]<\/p>\n","protected":false},"featured_media":89041,"template":"","meta":{"ocean_post_layout":"","ocean_both_sidebars_style":"","ocean_both_sidebars_content_width":0,"ocean_both_sidebars_sidebars_width":0,"ocean_sidebar":"","ocean_second_sidebar":"","ocean_disable_margins":"enable","ocean_add_body_class":"","ocean_shortcode_before_top_bar":"","ocean_shortcode_after_top_bar":"","ocean_shortcode_before_header":"","ocean_shortcode_after_header":"","ocean_has_shortcode":"","ocean_shortcode_after_title":"","ocean_shortcode_before_footer_widgets":"","ocean_shortcode_after_footer_widgets":"","ocean_shortcode_before_footer_bottom":"","ocean_shortcode_after_footer_bottom":"","ocean_display_top_bar":"default","ocean_display_header":"default","ocean_header_style":"","ocean_center_header_left_menu":"","ocean_custom_header_template":"","ocean_custom_logo":0,"ocean_custom_retina_logo":0,"ocean_custom_logo_max_width":0,"ocean_custom_logo_tablet_max_width":0,"ocean_custom_logo_mobile_max_width":0,"ocean_custom_logo_max_height":0,"ocean_custom_logo_tablet_max_height":0,"ocean_custom_logo_mobile_max_height":0,"ocean_header_custom_menu":"","ocean_menu_typo_font_family":"","ocean_menu_typo_font_subset":"","ocean_menu_typo_font_size":0,"ocean_menu_typo_font_size_tablet":0,"ocean_menu_typo_font_size_mobile":0,"ocean_menu_typo_font_size_unit":"px","ocean_menu_typo_font_weight":"","ocean_menu_typo_font_weight_tablet":"","ocean_menu_typo_font_weight_mobile":"","ocean_menu_typo_transform":"","ocean_menu_typo_transform_tablet":"","ocean_menu_typo_transform_mobile":"","ocean_menu_typo_line_height":0,"ocean_menu_typo_line_height_tablet":0,"ocean_menu_typo_line_height_mobile":0,"ocean_menu_typo_line_height_unit":"","ocean_menu_typo_spacing":0,"ocean_menu_typo_spacing_tablet":0,"ocean_menu_typo_spacing_mobile":0,"ocean_menu_typo_spacing_unit":"","ocean_menu_link_color":"","ocean_menu_link_color_hover":"","ocean_menu_link_color_active":"","ocean_menu_link_background":"","ocean_menu_link_hover_background":"","ocean_menu_link_active_background":"","ocean_menu_social_links_bg":"","ocean_menu_social_hover_links_bg":"","ocean_menu_social_links_color":"","ocean_menu_social_hover_links_color":"","ocean_disable_title":"default","ocean_disable_heading":"default","ocean_post_title":"","ocean_post_subheading":"","ocean_post_title_style":"","ocean_post_title_background_color":"","ocean_post_title_background":0,"ocean_post_title_bg_image_position":"","ocean_post_title_bg_image_attachment":"","ocean_post_title_bg_image_repeat":"","ocean_post_title_bg_image_size":"","ocean_post_title_height":0,"ocean_post_title_bg_overlay":0.5,"ocean_post_title_bg_overlay_color":"","ocean_disable_breadcrumbs":"default","ocean_breadcrumbs_color":"","ocean_breadcrumbs_separator_color":"","ocean_breadcrumbs_links_color":"","ocean_breadcrumbs_links_hover_color":"","ocean_display_footer_widgets":"default","ocean_display_footer_bottom":"default","ocean_custom_footer_template":""},"product_brand":[],"product_cat":[19469],"product_tag":[19501,19502],"class_list":{"0":"post-89042","1":"product","2":"type-product","3":"status-publish","4":"has-post-thumbnail","6":"product_cat-strumentazione-elettronica","7":"product_tag-luce-posteriore","8":"product_tag-rear-light","9":"product_shipping_class-standard","11":"entry","12":"has-media","14":"first","15":"instock","16":"taxable","17":"shipping-taxable","18":"purchasable","19":"product-type-simple","20":"has-product-nav","21":"col","22":"span_1_of_4","23":"owp-content-center","24":"owp-thumbs-layout-horizontal","25":"owp-btn-normal","26":"owp-tabs-layout-horizontal","27":"has-no-thumbnails"},"aioseo_notices":[],"_links":{"self":[{"href":"https:\/\/trenditaly.it\/en\/wp-json\/wp\/v2\/product\/89042","targetHints":{"allow":["GET"]}}],"collection":[{"href":"https:\/\/trenditaly.it\/en\/wp-json\/wp\/v2\/product"}],"about":[{"href":"https:\/\/trenditaly.it\/en\/wp-json\/wp\/v2\/types\/product"}],"version-history":[{"count":0,"href":"https:\/\/trenditaly.it\/en\/wp-json\/wp\/v2\/product\/89042\/revisions"}],"wp:featuredmedia":[{"embeddable":true,"href":"https:\/\/trenditaly.it\/en\/wp-json\/wp\/v2\/media\/89041"}],"wp:attachment":[{"href":"https:\/\/trenditaly.it\/en\/wp-json\/wp\/v2\/media?parent=89042"}],"wp:term":[{"taxonomy":"product_brand","embeddable":true,"href":"https:\/\/trenditaly.it\/en\/wp-json\/wp\/v2\/product_brand?post=89042"},{"taxonomy":"product_cat","embeddable":true,"href":"https:\/\/trenditaly.it\/en\/wp-json\/wp\/v2\/product_cat?post=89042"},{"taxonomy":"product_tag","embeddable":true,"href":"https:\/\/trenditaly.it\/en\/wp-json\/wp\/v2\/product_tag?post=89042"}],"curies":[{"name":"wp","href":"https:\/\/api.w.org\/{rel}","templated":true}]}}