{"id":89026,"date":"2025-03-16T21:36:19","date_gmt":"2025-03-16T20:36:19","guid":{"rendered":"https:\/\/trenditaly.it\/product\/ricevitore-gps-plug-and-play-per-ducati-panigale-supersport-pzracing-pa600-p-tronic\/"},"modified":"2025-03-16T21:36:19","modified_gmt":"2025-03-16T20:36:19","slug":"ricevitore-gps-plug-and-play-per-ducati-panigale-supersport-pzracing-pa600-p-tronic","status":"publish","type":"product","link":"https:\/\/trenditaly.it\/en\/product\/ricevitore-gps-plug-and-play-per-ducati-panigale-supersport-pzracing-pa600-p-tronic\/","title":{"rendered":"Ricevitore GPS plug and play per Ducati Panigale &#8211; SUPERSPORT PZRacing PA600 P-Tronic"},"content":{"rendered":"<p>Ricevitore GPS 50Hz plug &#038; play per Ducati Panigale <2018. Il ricevitore utilizza come display il cruscotto originale della moto; il tempo effettuato viene visualizzato direttamente sul vostro cruscotto, i dati memorizzati nella strumentazione originale possono essere facilmente richiamati sul display.\n\nCircuiti pi\u00f9 famosi del mondo precaricati, non sar\u00e0 pi\u00f9 necessario premere alcun pulsante in pista per effettuare la memorizzazione delle coordinate del traguardo.\n\nIntertempi \/ ideal time, oltre a visualizzare il tempo sul giro sul cruscotto in tempo reale, finita la sessione si potranno scaricare i dati memorizzati e visualizzare sul software i tempi intermedi e l\u2019ideal time della sessione.\n\nScarico dati Wi-Fi, modulo Wi-Fi integrato a bordo che permette uno scarico dati veloce ed una connessione stabile, circa 20 secondi per una sessione di 20 minuti.\n\nAcquisizione dati, tutti i dati rilevati dal GPS verranno memorizzati nella memoria interna del ricevitore (6 ore di registrazione), in seguito sar\u00e0 possibile scaricarli e visualizzarli sul software RacePro.\n\n&#8211; Traiettorie<br \/>&#8211; Velocit\u00e0 GPS<br \/>&#8211; Tempi\/Intertempi<br \/>\u2013 Ideal time<br \/>&#8211; Angolo di piega (calcolato)<\/p>\n<p>Angolo di piega: grazie ad un algoritmo specifico potrai conoscere l\u2019angolo di piega per ogni singola curva del circuito, tutto questo senza dover installare alcun sensore o accessorio sulla moto.<\/p>\n<p>P-Tronic pu\u00f2 essere utilizzato su tutti i seguenti modelli Ducati:<\/p>\n<p>&#8211; 899 PANIGALE 2013\/2015<br \/>&#8211; 959 PANIGALE 2016\/2019<br \/>&#8211; 1199 PANIGALE 2012\/2014<br \/>&#8211; 1199 PANIGALE S 2012\/2014<br \/>&#8211; 1199 PANIGALE S TRICOLORE 2012\/2014<br \/>&#8211; 1199 PANIGALE R 2015\/2017<br \/>&#8211; 1299 PANIGALE 2015\/2018<br \/>&#8211; 1299 PANIGALE S 2015\/2018<br \/>&#8211; 1299 PANIGALE S ANNIVERSARIO<br \/>&#8211; SUPERSPORT 2017\/2020<br \/>&#8211; SUPERSPORT S 2017\/2020<br \/>&#8211; PANIGALE V2 2020\/2023<\/p>\n<p>Made in Italy<br \/>Official PZRacing 2-year warranty<\/p>\n<p>Click on the following links to download the attachments:<\/p>\n<p><a href=\"https:\/\/www.pzracing.it\/manuals\/P-Tronic_PA600_en.pdf\" target=\"_blank\" rel=\"noopener\"><span style=\"color: #dd0000;\"><strong>MANUAL<\/strong><\/span><\/a><\/p>","protected":false},"excerpt":{"rendered":"<p>Per modelli Panigale &#8211; Panigale S2-V2 &#8211; Super Sport-S<\/p>","protected":false},"featured_media":89025,"template":"","meta":{"ocean_post_layout":"","ocean_both_sidebars_style":"","ocean_both_sidebars_content_width":0,"ocean_both_sidebars_sidebars_width":0,"ocean_sidebar":"","ocean_second_sidebar":"","ocean_disable_margins":"enable","ocean_add_body_class":"","ocean_shortcode_before_top_bar":"","ocean_shortcode_after_top_bar":"","ocean_shortcode_before_header":"","ocean_shortcode_after_header":"","ocean_has_shortcode":"","ocean_shortcode_after_title":"","ocean_shortcode_before_footer_widgets":"","ocean_shortcode_after_footer_widgets":"","ocean_shortcode_before_footer_bottom":"","ocean_shortcode_after_footer_bottom":"","ocean_display_top_bar":"default","ocean_display_header":"default","ocean_header_style":"","ocean_center_header_left_menu":"","ocean_custom_header_template":"","ocean_custom_logo":0,"ocean_custom_retina_logo":0,"ocean_custom_logo_max_width":0,"ocean_custom_logo_tablet_max_width":0,"ocean_custom_logo_mobile_max_width":0,"ocean_custom_logo_max_height":0,"ocean_custom_logo_tablet_max_height":0,"ocean_custom_logo_mobile_max_height":0,"ocean_header_custom_menu":"","ocean_menu_typo_font_family":"","ocean_menu_typo_font_subset":"","ocean_menu_typo_font_size":0,"ocean_menu_typo_font_size_tablet":0,"ocean_menu_typo_font_size_mobile":0,"ocean_menu_typo_font_size_unit":"px","ocean_menu_typo_font_weight":"","ocean_menu_typo_font_weight_tablet":"","ocean_menu_typo_font_weight_mobile":"","ocean_menu_typo_transform":"","ocean_menu_typo_transform_tablet":"","ocean_menu_typo_transform_mobile":"","ocean_menu_typo_line_height":0,"ocean_menu_typo_line_height_tablet":0,"ocean_menu_typo_line_height_mobile":0,"ocean_menu_typo_line_height_unit":"","ocean_menu_typo_spacing":0,"ocean_menu_typo_spacing_tablet":0,"ocean_menu_typo_spacing_mobile":0,"ocean_menu_typo_spacing_unit":"","ocean_menu_link_color":"","ocean_menu_link_color_hover":"","ocean_menu_link_color_active":"","ocean_menu_link_background":"","ocean_menu_link_hover_background":"","ocean_menu_link_active_background":"","ocean_menu_social_links_bg":"","ocean_menu_social_hover_links_bg":"","ocean_menu_social_links_color":"","ocean_menu_social_hover_links_color":"","ocean_disable_title":"default","ocean_disable_heading":"default","ocean_post_title":"","ocean_post_subheading":"","ocean_post_title_style":"","ocean_post_title_background_color":"","ocean_post_title_background":0,"ocean_post_title_bg_image_position":"","ocean_post_title_bg_image_attachment":"","ocean_post_title_bg_image_repeat":"","ocean_post_title_bg_image_size":"","ocean_post_title_height":0,"ocean_post_title_bg_overlay":0.5,"ocean_post_title_bg_overlay_color":"","ocean_disable_breadcrumbs":"default","ocean_breadcrumbs_color":"","ocean_breadcrumbs_separator_color":"","ocean_breadcrumbs_links_color":"","ocean_breadcrumbs_links_hover_color":"","ocean_display_footer_widgets":"default","ocean_display_footer_bottom":"default","ocean_custom_footer_template":""},"product_brand":[],"product_cat":[19469],"product_tag":[19496],"class_list":{"0":"post-89026","1":"product","2":"type-product","3":"status-publish","4":"has-post-thumbnail","6":"product_cat-strumentazione-elettronica","7":"product_tag-ricevitore-gps","8":"product_shipping_class-standard","10":"entry","11":"has-media","13":"first","14":"instock","15":"taxable","16":"shipping-taxable","17":"purchasable","18":"product-type-simple","19":"has-product-nav","20":"col","21":"span_1_of_4","22":"owp-content-center","23":"owp-thumbs-layout-horizontal","24":"owp-btn-normal","25":"owp-tabs-layout-horizontal","26":"has-no-thumbnails"},"aioseo_notices":[],"_links":{"self":[{"href":"https:\/\/trenditaly.it\/en\/wp-json\/wp\/v2\/product\/89026","targetHints":{"allow":["GET"]}}],"collection":[{"href":"https:\/\/trenditaly.it\/en\/wp-json\/wp\/v2\/product"}],"about":[{"href":"https:\/\/trenditaly.it\/en\/wp-json\/wp\/v2\/types\/product"}],"version-history":[{"count":0,"href":"https:\/\/trenditaly.it\/en\/wp-json\/wp\/v2\/product\/89026\/revisions"}],"wp:featuredmedia":[{"embeddable":true,"href":"https:\/\/trenditaly.it\/en\/wp-json\/wp\/v2\/media\/89025"}],"wp:attachment":[{"href":"https:\/\/trenditaly.it\/en\/wp-json\/wp\/v2\/media?parent=89026"}],"wp:term":[{"taxonomy":"product_brand","embeddable":true,"href":"https:\/\/trenditaly.it\/en\/wp-json\/wp\/v2\/product_brand?post=89026"},{"taxonomy":"product_cat","embeddable":true,"href":"https:\/\/trenditaly.it\/en\/wp-json\/wp\/v2\/product_cat?post=89026"},{"taxonomy":"product_tag","embeddable":true,"href":"https:\/\/trenditaly.it\/en\/wp-json\/wp\/v2\/product_tag?post=89026"}],"curies":[{"name":"wp","href":"https:\/\/api.w.org\/{rel}","templated":true}]}}