{"id":89017,"date":"2025-03-16T21:36:15","date_gmt":"2025-03-16T20:36:15","guid":{"rendered":"https:\/\/trenditaly.it\/product\/ricevitore-gps-plug-and-play-per-bmw-s1000rr-s1000r-pzracing-bw600-b-tronic\/"},"modified":"2025-03-16T21:36:15","modified_gmt":"2025-03-16T20:36:15","slug":"ricevitore-gps-plug-and-play-per-bmw-s1000rr-s1000r-pzracing-bw600-b-tronic","status":"publish","type":"product","link":"https:\/\/trenditaly.it\/en\/product\/ricevitore-gps-plug-and-play-per-bmw-s1000rr-s1000r-pzracing-bw600-b-tronic\/","title":{"rendered":"Ricevitore GPS plug and play per BMW S1000RR &#8211; S1000R PZRacing BW600 B-Tronic"},"content":{"rendered":"<p>Ricevitore GPS 50Hz plug &#038; play per modelli BMW. Il ricevitore utilizza come display il cruscotto originale della moto; il tempo effettuato viene visualizzato direttamente sul vostro cruscotto, i dati memorizzati nella strumentazione originale possono essere facilmente richiamati sul display.<\/p>\n<p>Circuiti pi\u00f9 famosi del mondo precaricati, non sar\u00e0 pi\u00f9 necessario premere alcun pulsante in pista per effettuare la memorizzazione delle coordinate del traguardo.<\/p>\n<p>Intertempi \/ ideal time, oltre a visualizzare il tempo sul giro sul cruscotto in tempo reale, finita la sessione si potranno scaricare i dati memorizzati e visualizzare sul software i tempi intermedi e l\u2019ideal time della sessione.<\/p>\n<p>Scarico dati Wi-Fi, modulo Wi-Fi integrato a bordo che permette uno scarico dati veloce ed una connessione stabile, circa 20 secondi per una sessione di 20 minuti.<\/p>\n<p>Acquisizione dati, tutti i dati rilevati dal GPS verranno memorizzati nella memoria interna del ricevitore (6 ore di registrazione), in seguito sar\u00e0 possibile scaricarli e visualizzarli sul software RacePro.<\/p>\n<p>&#8211; Traiettorie<br \/>&#8211; Velocit\u00e0 GPS<br \/>&#8211; Tempi\/Intertempi<br \/>\u2013 Ideal time<br \/>&#8211; Angolo di piega (calcolato)<\/p>\n<p>Angolo di piega: grazie ad un algoritmo specifico potrai conoscere l\u2019angolo di piega per ogni singola curva del circuito, tutto questo senza dover installare alcun sensore o accessorio sulla moto.<\/p>\n<p>Funzione \u201cFastest Lap Anticipated\u201d: sui modelli S1000RR dal 2012 in poi e su tutte le S1000R \u00e8 presente la spia di \u201cgiro veloce anticipato\u201d, ogni 100mt il cruscotto confronter\u00e0 il tempo attuale con il corrispondente intermedio del miglior giro memorizzato, se il tempo intermedio del giro in corso risulter\u00e0 migliore dell\u2019intermedio memorizzato significa che state percorrendo il vostro miglior giro e quindi la spia si accender\u00e0, nei 100mt successivi verr\u00e0 effettuato un nuovo controllo e cos\u00ec via fino al traguardo, in questo modo in qualsiasi punto della pista saprete se state percorrendo il miglior giro oppure no con un veloce colpo d\u2019occhio.<\/p>\n<p>B-Tronic pu\u00f2 essere utilizzato su tutti i modelli S1000RR e S1000R:<\/p>\n<p>&#8211; BMW S1000RR 2008-14<br \/>&#8211; BMW S1000RR HP4 2013-14<br \/>&#8211; BMW S1000RR 2015-18<br \/>&#8211; BMW S1000R 2014-20<\/p>\n<p>Made in Italy<br \/>Official PZRacing 2-year warranty<\/p>\n<p>Click on the following links to download the attachments:<\/p>\n<p><a href=\"https:\/\/www.pzracing.it\/manuals\/B-Tronic_BW600_en.pdf\" target=\"_blank\" rel=\"noopener\"><span style=\"color: #dd0000;\"><strong>MANUAL<\/strong><\/span><\/a><\/p>","protected":false},"excerpt":{"rendered":"<p>Per modelli S 1000 RR fino al 2018 e S 1000 R 2014-2020<\/p>","protected":false},"featured_media":89016,"template":"","meta":{"ocean_post_layout":"","ocean_both_sidebars_style":"","ocean_both_sidebars_content_width":0,"ocean_both_sidebars_sidebars_width":0,"ocean_sidebar":"","ocean_second_sidebar":"","ocean_disable_margins":"enable","ocean_add_body_class":"","ocean_shortcode_before_top_bar":"","ocean_shortcode_after_top_bar":"","ocean_shortcode_before_header":"","ocean_shortcode_after_header":"","ocean_has_shortcode":"","ocean_shortcode_after_title":"","ocean_shortcode_before_footer_widgets":"","ocean_shortcode_after_footer_widgets":"","ocean_shortcode_before_footer_bottom":"","ocean_shortcode_after_footer_bottom":"","ocean_display_top_bar":"default","ocean_display_header":"default","ocean_header_style":"","ocean_center_header_left_menu":"","ocean_custom_header_template":"","ocean_custom_logo":0,"ocean_custom_retina_logo":0,"ocean_custom_logo_max_width":0,"ocean_custom_logo_tablet_max_width":0,"ocean_custom_logo_mobile_max_width":0,"ocean_custom_logo_max_height":0,"ocean_custom_logo_tablet_max_height":0,"ocean_custom_logo_mobile_max_height":0,"ocean_header_custom_menu":"","ocean_menu_typo_font_family":"","ocean_menu_typo_font_subset":"","ocean_menu_typo_font_size":0,"ocean_menu_typo_font_size_tablet":0,"ocean_menu_typo_font_size_mobile":0,"ocean_menu_typo_font_size_unit":"px","ocean_menu_typo_font_weight":"","ocean_menu_typo_font_weight_tablet":"","ocean_menu_typo_font_weight_mobile":"","ocean_menu_typo_transform":"","ocean_menu_typo_transform_tablet":"","ocean_menu_typo_transform_mobile":"","ocean_menu_typo_line_height":0,"ocean_menu_typo_line_height_tablet":0,"ocean_menu_typo_line_height_mobile":0,"ocean_menu_typo_line_height_unit":"","ocean_menu_typo_spacing":0,"ocean_menu_typo_spacing_tablet":0,"ocean_menu_typo_spacing_mobile":0,"ocean_menu_typo_spacing_unit":"","ocean_menu_link_color":"","ocean_menu_link_color_hover":"","ocean_menu_link_color_active":"","ocean_menu_link_background":"","ocean_menu_link_hover_background":"","ocean_menu_link_active_background":"","ocean_menu_social_links_bg":"","ocean_menu_social_hover_links_bg":"","ocean_menu_social_links_color":"","ocean_menu_social_hover_links_color":"","ocean_disable_title":"default","ocean_disable_heading":"default","ocean_post_title":"","ocean_post_subheading":"","ocean_post_title_style":"","ocean_post_title_background_color":"","ocean_post_title_background":0,"ocean_post_title_bg_image_position":"","ocean_post_title_bg_image_attachment":"","ocean_post_title_bg_image_repeat":"","ocean_post_title_bg_image_size":"","ocean_post_title_height":0,"ocean_post_title_bg_overlay":0.5,"ocean_post_title_bg_overlay_color":"","ocean_disable_breadcrumbs":"default","ocean_breadcrumbs_color":"","ocean_breadcrumbs_separator_color":"","ocean_breadcrumbs_links_color":"","ocean_breadcrumbs_links_hover_color":"","ocean_display_footer_widgets":"default","ocean_display_footer_bottom":"default","ocean_custom_footer_template":""},"product_brand":[],"product_cat":[19469],"product_tag":[19496],"class_list":{"0":"post-89017","1":"product","2":"type-product","3":"status-publish","4":"has-post-thumbnail","6":"product_cat-strumentazione-elettronica","7":"product_tag-ricevitore-gps","8":"product_shipping_class-standard","10":"entry","11":"has-media","13":"first","14":"instock","15":"taxable","16":"shipping-taxable","17":"purchasable","18":"product-type-simple","19":"has-product-nav","20":"col","21":"span_1_of_4","22":"owp-content-center","23":"owp-thumbs-layout-horizontal","24":"owp-btn-normal","25":"owp-tabs-layout-horizontal","26":"has-no-thumbnails"},"aioseo_notices":[],"_links":{"self":[{"href":"https:\/\/trenditaly.it\/en\/wp-json\/wp\/v2\/product\/89017","targetHints":{"allow":["GET"]}}],"collection":[{"href":"https:\/\/trenditaly.it\/en\/wp-json\/wp\/v2\/product"}],"about":[{"href":"https:\/\/trenditaly.it\/en\/wp-json\/wp\/v2\/types\/product"}],"version-history":[{"count":0,"href":"https:\/\/trenditaly.it\/en\/wp-json\/wp\/v2\/product\/89017\/revisions"}],"wp:featuredmedia":[{"embeddable":true,"href":"https:\/\/trenditaly.it\/en\/wp-json\/wp\/v2\/media\/89016"}],"wp:attachment":[{"href":"https:\/\/trenditaly.it\/en\/wp-json\/wp\/v2\/media?parent=89017"}],"wp:term":[{"taxonomy":"product_brand","embeddable":true,"href":"https:\/\/trenditaly.it\/en\/wp-json\/wp\/v2\/product_brand?post=89017"},{"taxonomy":"product_cat","embeddable":true,"href":"https:\/\/trenditaly.it\/en\/wp-json\/wp\/v2\/product_cat?post=89017"},{"taxonomy":"product_tag","embeddable":true,"href":"https:\/\/trenditaly.it\/en\/wp-json\/wp\/v2\/product_tag?post=89017"}],"curies":[{"name":"wp","href":"https:\/\/api.w.org\/{rel}","templated":true}]}}