{"id":88940,"date":"2025-03-16T21:35:31","date_gmt":"2025-03-16T20:35:31","guid":{"rendered":"https:\/\/trenditaly.it\/product\/cruscotto-multifunzione-gps-50hz-pzracing-st400-p-start-plus\/"},"modified":"2025-03-16T21:35:36","modified_gmt":"2025-03-16T20:35:36","slug":"cruscotto-multifunzione-gps-50hz-pzracing-st400-p-start-plus","status":"publish","type":"product","link":"https:\/\/trenditaly.it\/en\/product\/cruscotto-multifunzione-gps-50hz-pzracing-st400-p-start-plus\/","title":{"rendered":"PZRacing ST400-P Start Plus 50Hz GPS multifunction dashboard"},"content":{"rendered":"<p>Start Plus is the new multifunction dashboard from the pzracing range.<br \/>Thanks to the integrated 50 Hz GPS receiver it will no longer be necessary to use the magnetic strip or the uncomfortable infrared receivers on the track, furthermore thanks to the pre-loaded tracks start plus will choose the correct track automatically.<\/p>\n<p>Start Plus is the perfect dashboard for all those vehicles that need to view data in real time but are not equipped with on-board electronics, such as karts, scooters, premoto 3 mini gp, etc.<\/p>\n<p>the large 240\u00d7128 pixel display allows perfect visualization of all the main vehicle parameters in real time.<br \/>All information can be viewed in 3 predefined screens and 2 completely user-configurable.<\/p>\n<p>The central LED bar can be used both to display engine rpm and in stopwatch mode, displaying the difference of tenths of a second from the best lap of the session.<br \/>2 alarm LEDs configurable in color, type of warning (fixed or flashing) and type of alarm (temperature, chrono, rpm, etc).<\/p>\n<p>Possibility of displaying up to 2 temperatures (one NTC and one thermocouple) without the need for any expansion module, just purchase the Y cable code. SSY150 to be able to use both temperature sensors simultaneously.<\/p>\n<p>Wireless data download via Wi-Fi or via USB cable. Data analysis software available for Windows PC and mobile APP for iOS and Android.<\/p>\n<p>Integrated 2000mA lithium battery rechargeable via USB type C cable.<\/p>\n<p>Technical features:<\/p>\n<p>\u2013 Integrated 50Hz GPS receiver<br \/>\u2013 Accuracy 1\/100s<br \/>\u2013 Management of 3 split times<br \/>\u2013 Speed display from GPS<br \/>\u2013 Ideal time<br \/>\u2013 Estimated time to the finish line in 2 different modes<br \/>\u2013 3 display screens + 2 configurable<br \/>\u2013 Storage of maximum values for each lap and absolute values<br \/>\u2013 Memorization of trajectories<br \/>\u2013 2 configurable alarms (\u201cBest &amp; Split Time\u201d\/overspeed\/temperature)<br \/>\u2013 LED bar for rev counter or chrono mode<br \/>\u2013 2 engine hour meters<br \/>\u2013 2 odometers<br \/>\u2013 Possibility of acquiring up to 9 analogue and 3 digital channels<br \/>\u2013 Sampling of connected channels at 50Hz<br \/>\u2013 Gear engaged indication (optional)<br \/>\u2013 Data download via USB connector and Wi-Fi<br \/>\u2013 Automatic circuit recognition<br \/>\u2013 World circuit database<br \/>\u2013 Setting up a new circuit from PC<br \/>\u2013 PC software for data analysis<br \/>\u2013 Built-in lithium battery<br \/>\u2013 Connection for optional external power supply<br \/>\u2013 Auto shutdown<br \/>\u2013 Backlight<br \/>\u2013 Shockproof container<br \/>- Waterproof<br \/>\u2013 Dimensions: 135x94x33mm<\/p>\n<p>Made in Italy<br \/>Official PZRacing 2-year warranty<\/p>\n<p>Click on the following links to download the attachments:<\/p>\n<p><a href=\"https:\/\/www.pzracing.it\/manuals\/ST200\/Start%20plus_ST400_P_eng.pdf\" target=\"_blank\" rel=\"noopener\"><span style=\"color: #dd0000;\"><strong>MANUAL<\/strong><\/span><\/a><\/p>","protected":false},"excerpt":{"rendered":"<p>Start Plus \u00e8 il nuovo cruscotto multifunzione della gamma pzracing.Grazie al ricevitore gps integrato a 50 hz non sar\u00e0 pi\u00f9 necessario utilizzare la banda magnetica o gli scomodi ricevitori ad infrarossi a bordo pista, inoltre grazie alle piste precaricate start plus sceglier\u00e0 la pista corretta in automatico. Start Plus \u00e8 il cruscotto perfetto per tutti [&hellip;]<\/p>\n","protected":false},"featured_media":88939,"template":"","meta":{"ocean_post_layout":"","ocean_both_sidebars_style":"","ocean_both_sidebars_content_width":0,"ocean_both_sidebars_sidebars_width":0,"ocean_sidebar":"","ocean_second_sidebar":"","ocean_disable_margins":"enable","ocean_add_body_class":"","ocean_shortcode_before_top_bar":"","ocean_shortcode_after_top_bar":"","ocean_shortcode_before_header":"","ocean_shortcode_after_header":"","ocean_has_shortcode":"","ocean_shortcode_after_title":"","ocean_shortcode_before_footer_widgets":"","ocean_shortcode_after_footer_widgets":"","ocean_shortcode_before_footer_bottom":"","ocean_shortcode_after_footer_bottom":"","ocean_display_top_bar":"default","ocean_display_header":"default","ocean_header_style":"","ocean_center_header_left_menu":"","ocean_custom_header_template":"","ocean_custom_logo":0,"ocean_custom_retina_logo":0,"ocean_custom_logo_max_width":0,"ocean_custom_logo_tablet_max_width":0,"ocean_custom_logo_mobile_max_width":0,"ocean_custom_logo_max_height":0,"ocean_custom_logo_tablet_max_height":0,"ocean_custom_logo_mobile_max_height":0,"ocean_header_custom_menu":"","ocean_menu_typo_font_family":"","ocean_menu_typo_font_subset":"","ocean_menu_typo_font_size":0,"ocean_menu_typo_font_size_tablet":0,"ocean_menu_typo_font_size_mobile":0,"ocean_menu_typo_font_size_unit":"px","ocean_menu_typo_font_weight":"","ocean_menu_typo_font_weight_tablet":"","ocean_menu_typo_font_weight_mobile":"","ocean_menu_typo_transform":"","ocean_menu_typo_transform_tablet":"","ocean_menu_typo_transform_mobile":"","ocean_menu_typo_line_height":0,"ocean_menu_typo_line_height_tablet":0,"ocean_menu_typo_line_height_mobile":0,"ocean_menu_typo_line_height_unit":"","ocean_menu_typo_spacing":0,"ocean_menu_typo_spacing_tablet":0,"ocean_menu_typo_spacing_mobile":0,"ocean_menu_typo_spacing_unit":"","ocean_menu_link_color":"","ocean_menu_link_color_hover":"","ocean_menu_link_color_active":"","ocean_menu_link_background":"","ocean_menu_link_hover_background":"","ocean_menu_link_active_background":"","ocean_menu_social_links_bg":"","ocean_menu_social_hover_links_bg":"","ocean_menu_social_links_color":"","ocean_menu_social_hover_links_color":"","ocean_disable_title":"default","ocean_disable_heading":"default","ocean_post_title":"","ocean_post_subheading":"","ocean_post_title_style":"","ocean_post_title_background_color":"","ocean_post_title_background":0,"ocean_post_title_bg_image_position":"","ocean_post_title_bg_image_attachment":"","ocean_post_title_bg_image_repeat":"","ocean_post_title_bg_image_size":"","ocean_post_title_height":0,"ocean_post_title_bg_overlay":0.5,"ocean_post_title_bg_overlay_color":"","ocean_disable_breadcrumbs":"default","ocean_breadcrumbs_color":"","ocean_breadcrumbs_separator_color":"","ocean_breadcrumbs_links_color":"","ocean_breadcrumbs_links_hover_color":"","ocean_display_footer_widgets":"default","ocean_display_footer_bottom":"default","ocean_custom_footer_template":""},"product_brand":[],"product_cat":[19469],"product_tag":[19475],"class_list":{"0":"post-88940","1":"product","2":"type-product","3":"status-publish","4":"has-post-thumbnail","6":"product_cat-strumentazione-elettronica","7":"product_tag-cruscotto-digitale","8":"product_shipping_class-standard","10":"entry","11":"has-media","13":"first","14":"instock","15":"taxable","16":"shipping-taxable","17":"purchasable","18":"product-type-simple","19":"has-product-nav","20":"col","21":"span_1_of_4","22":"owp-content-center","23":"owp-thumbs-layout-horizontal","24":"owp-btn-normal","25":"owp-tabs-layout-horizontal"},"aioseo_notices":[],"_links":{"self":[{"href":"https:\/\/trenditaly.it\/en\/wp-json\/wp\/v2\/product\/88940","targetHints":{"allow":["GET"]}}],"collection":[{"href":"https:\/\/trenditaly.it\/en\/wp-json\/wp\/v2\/product"}],"about":[{"href":"https:\/\/trenditaly.it\/en\/wp-json\/wp\/v2\/types\/product"}],"version-history":[{"count":0,"href":"https:\/\/trenditaly.it\/en\/wp-json\/wp\/v2\/product\/88940\/revisions"}],"wp:featuredmedia":[{"embeddable":true,"href":"https:\/\/trenditaly.it\/en\/wp-json\/wp\/v2\/media\/88939"}],"wp:attachment":[{"href":"https:\/\/trenditaly.it\/en\/wp-json\/wp\/v2\/media?parent=88940"}],"wp:term":[{"taxonomy":"product_brand","embeddable":true,"href":"https:\/\/trenditaly.it\/en\/wp-json\/wp\/v2\/product_brand?post=88940"},{"taxonomy":"product_cat","embeddable":true,"href":"https:\/\/trenditaly.it\/en\/wp-json\/wp\/v2\/product_cat?post=88940"},{"taxonomy":"product_tag","embeddable":true,"href":"https:\/\/trenditaly.it\/en\/wp-json\/wp\/v2\/product_tag?post=88940"}],"curies":[{"name":"wp","href":"https:\/\/api.w.org\/{rel}","templated":true}]}}