{"id":87350,"date":"2025-03-16T21:19:11","date_gmt":"2025-03-16T20:19:11","guid":{"rendered":"https:\/\/trenditaly.it\/product\/bauletto-posteriore-top-case-zontes-350-t2-adv-bauletto-posteriore-top-case-gpr-tech-alpi-tech-black-45-litri-alluminio-nero-znt-2-ba-45-alp-b\/"},"modified":"2025-03-16T21:19:12","modified_gmt":"2025-03-16T20:19:12","slug":"bauletto-posteriore-top-case-zontes-350-t2-adv-bauletto-posteriore-top-case-gpr-tech-alpi-tech-black-45-litri-alluminio-nero-znt-2-ba-45-alp-b","status":"publish","type":"product","link":"https:\/\/trenditaly.it\/en\/product\/bauletto-posteriore-top-case-zontes-350-t2-adv-bauletto-posteriore-top-case-gpr-tech-alpi-tech-black-45-litri-alluminio-nero-znt-2-ba-45-alp-b\/","title":{"rendered":"Bauletto posteriore top case Zontes 350 T2 ADV Bauletto posteriore top case GPR TECH ALPI-TECH BLACK 45 litri alluminio nero ZNT.2.BA.45.ALP.B"},"content":{"rendered":"<p>Bauletto GPR TECH TOP CASE ALPI-TECH capacit\u00e0 45 Litri, realizzato in alluminio 5052, colore nero.<br \/>Le dimensioni permettono la custodia di un casco Enduro.<br<br \/>Il kit viene fornito con piastra specifica e viteria per una corretta installazione sul portapacchi originale senza necessit\u00e0 di modifiche.<br \/>Quattro punti di ancoraggio offrono una resistenza ottimale.<\/p>\n<p>Si possono acquistare separatamente come optional la protezione schienale e la borsa oggetti estraibile.<\/p>\n<p>Il bauletto GPR TECH comprende una fodera estraibile e lavabile per la protezione del casco.<\/p>\n<p>L&#8217;installazione \u00e8 possibile grazie alla piastra specifica GPR TECH che si abbina perfettamente al porta pacchi originale<br \/>Se desiderate installare il prodotto su un portapacchi non originale o senza adattatori specifici GPR TECH, \u00e8 necessario verificare che la piastra abbia almeno 4 punti di fissaggio<br \/>senza questo minimo GPR TECH non si assume alcuna responsabilit\u00e0 per l&#8217;instabilit\u00e0 e quindi potenziale pericolosit\u00e0 dell&#8217;utilizzo.<\/p>\n<p>Made in Italy<br \/>Official 2-year GPR warranty<br><br><\/p>\n<p>Click on the following links to download the attachments:<\/p>\n<p><a href=\"https:\/\/s3.eu-west-1.amazonaws.com\/media.gpr.it\/app\/51200618MONT.pdf\" target=\"_blank\" rel=\"noopener\"><span style=\"color: #dd0000;\"><strong>SCHEDA DI MONTAGGIO<\/strong><\/span><\/a><br><a href=\"https:\/\/s3.eu-west-1.amazonaws.com\/media.gpr.it\/Manual+Ver+1.0+-+all.pdf\" target=\"_blank\" rel=\"noopener\"><span style=\"color: #dd0000;\"><strong>MANUALE DI MANUTENZIONE<\/strong><\/span><\/a><\/p>","protected":false},"excerpt":{"rendered":"<p>Top case bag in alpitech aluminium, black color with specific plate included<\/p>","protected":false},"featured_media":86490,"template":"","meta":{"ocean_post_layout":"","ocean_both_sidebars_style":"","ocean_both_sidebars_content_width":0,"ocean_both_sidebars_sidebars_width":0,"ocean_sidebar":"","ocean_second_sidebar":"","ocean_disable_margins":"enable","ocean_add_body_class":"","ocean_shortcode_before_top_bar":"","ocean_shortcode_after_top_bar":"","ocean_shortcode_before_header":"","ocean_shortcode_after_header":"","ocean_has_shortcode":"","ocean_shortcode_after_title":"","ocean_shortcode_before_footer_widgets":"","ocean_shortcode_after_footer_widgets":"","ocean_shortcode_before_footer_bottom":"","ocean_shortcode_after_footer_bottom":"","ocean_display_top_bar":"default","ocean_display_header":"default","ocean_header_style":"","ocean_center_header_left_menu":"","ocean_custom_header_template":"","ocean_custom_logo":0,"ocean_custom_retina_logo":0,"ocean_custom_logo_max_width":0,"ocean_custom_logo_tablet_max_width":0,"ocean_custom_logo_mobile_max_width":0,"ocean_custom_logo_max_height":0,"ocean_custom_logo_tablet_max_height":0,"ocean_custom_logo_mobile_max_height":0,"ocean_header_custom_menu":"","ocean_menu_typo_font_family":"","ocean_menu_typo_font_subset":"","ocean_menu_typo_font_size":0,"ocean_menu_typo_font_size_tablet":0,"ocean_menu_typo_font_size_mobile":0,"ocean_menu_typo_font_size_unit":"px","ocean_menu_typo_font_weight":"","ocean_menu_typo_font_weight_tablet":"","ocean_menu_typo_font_weight_mobile":"","ocean_menu_typo_transform":"","ocean_menu_typo_transform_tablet":"","ocean_menu_typo_transform_mobile":"","ocean_menu_typo_line_height":0,"ocean_menu_typo_line_height_tablet":0,"ocean_menu_typo_line_height_mobile":0,"ocean_menu_typo_line_height_unit":"","ocean_menu_typo_spacing":0,"ocean_menu_typo_spacing_tablet":0,"ocean_menu_typo_spacing_mobile":0,"ocean_menu_typo_spacing_unit":"","ocean_menu_link_color":"","ocean_menu_link_color_hover":"","ocean_menu_link_color_active":"","ocean_menu_link_background":"","ocean_menu_link_hover_background":"","ocean_menu_link_active_background":"","ocean_menu_social_links_bg":"","ocean_menu_social_hover_links_bg":"","ocean_menu_social_links_color":"","ocean_menu_social_hover_links_color":"","ocean_disable_title":"default","ocean_disable_heading":"default","ocean_post_title":"","ocean_post_subheading":"","ocean_post_title_style":"","ocean_post_title_background_color":"","ocean_post_title_background":0,"ocean_post_title_bg_image_position":"","ocean_post_title_bg_image_attachment":"","ocean_post_title_bg_image_repeat":"","ocean_post_title_bg_image_size":"","ocean_post_title_height":0,"ocean_post_title_bg_overlay":0.5,"ocean_post_title_bg_overlay_color":"","ocean_disable_breadcrumbs":"default","ocean_breadcrumbs_color":"","ocean_breadcrumbs_separator_color":"","ocean_breadcrumbs_links_color":"","ocean_breadcrumbs_links_hover_color":"","ocean_display_footer_widgets":"default","ocean_display_footer_bottom":"default","ocean_custom_footer_template":""},"product_brand":[],"product_cat":[19408],"product_tag":[19402,19403,19404,19405,19406],"class_list":{"0":"post-87350","1":"product","2":"type-product","3":"status-publish","4":"has-post-thumbnail","6":"product_cat-bauletti-specifici","7":"product_tag-bauletto","8":"product_tag-bauletto-posteriore","9":"product_tag-borsa-superiore","10":"product_tag-top-case","11":"product_tag-topcase","12":"product_shipping_class-standard","14":"entry","15":"has-media","17":"first","18":"instock","19":"taxable","20":"shipping-taxable","21":"purchasable","22":"product-type-simple","23":"has-product-nav","24":"col","25":"span_1_of_4","26":"owp-content-center","27":"owp-thumbs-layout-horizontal","28":"owp-btn-normal","29":"owp-tabs-layout-horizontal"},"aioseo_notices":[],"_links":{"self":[{"href":"https:\/\/trenditaly.it\/en\/wp-json\/wp\/v2\/product\/87350","targetHints":{"allow":["GET"]}}],"collection":[{"href":"https:\/\/trenditaly.it\/en\/wp-json\/wp\/v2\/product"}],"about":[{"href":"https:\/\/trenditaly.it\/en\/wp-json\/wp\/v2\/types\/product"}],"version-history":[{"count":0,"href":"https:\/\/trenditaly.it\/en\/wp-json\/wp\/v2\/product\/87350\/revisions"}],"wp:featuredmedia":[{"embeddable":true,"href":"https:\/\/trenditaly.it\/en\/wp-json\/wp\/v2\/media\/86490"}],"wp:attachment":[{"href":"https:\/\/trenditaly.it\/en\/wp-json\/wp\/v2\/media?parent=87350"}],"wp:term":[{"taxonomy":"product_brand","embeddable":true,"href":"https:\/\/trenditaly.it\/en\/wp-json\/wp\/v2\/product_brand?post=87350"},{"taxonomy":"product_cat","embeddable":true,"href":"https:\/\/trenditaly.it\/en\/wp-json\/wp\/v2\/product_cat?post=87350"},{"taxonomy":"product_tag","embeddable":true,"href":"https:\/\/trenditaly.it\/en\/wp-json\/wp\/v2\/product_tag?post=87350"}],"curies":[{"name":"wp","href":"https:\/\/api.w.org\/{rel}","templated":true}]}}