{"id":111189,"date":"2025-03-17T10:13:18","date_gmt":"2025-03-17T09:13:18","guid":{"rendered":"https:\/\/trenditaly.it\/product\/scarico-arrow-husqvarna-te-250-2012-2013-off-road-mx-competition-75106tk\/"},"modified":"2025-03-17T10:13:18","modified_gmt":"2025-03-17T09:13:18","slug":"scarico-arrow-husqvarna-te-250-2012-2013-off-road-mx-competition-75106tk","status":"publish","type":"product","link":"https:\/\/trenditaly.it\/en\/product\/scarico-arrow-husqvarna-te-250-2012-2013-off-road-mx-competition-75106tk\/","title":{"rendered":"Scarico Arrow Husqvarna TE 250 2012-2013 Off-Road MX Competition 75106TK"},"content":{"rendered":"<p><b>OFF-ROAD MX COMPETITION<\/b><\/p>\n<p>Gli scarichi Off-Road MX Competition sono stati progettati per trasferire la tecnologia sviluppata per le competizioni cross in un prodotto di serie: layout innovativo, componenti ricavati tramite lavorazioni con macchine a controllo numerico, materiali tecnologicamente avanzati, processi di assemblaggio e saldatura di altissimo livello.<br \/>Gli scarichi Off-Road MX Competition sono composti da collettore, raccordo e terminale. Le zone di giunzione tra questi componenti prevedono l\u2019utilizzo di parti lavorate a CNC, ricavate dal pieno, per garantire tenuta, accoppiamento perfetto grazie al miglior controllo delle tolleranze, affidabilit\u00e0 e durata nel tempo.<br \/>L&#8217;adozione dei tre componenti dello scarico assicura un montaggio agevole, una maggiore resistenza strutturale ed un miglior assorbimento delle sollecitazioni e vibrazioni trasmesse dal telaio allo scarico. Inoltre rende pi\u00f9 semplice la sostituzione di una singola parte danneggiata senza sostituire l&#8217;intero scarico.<br \/>Collettore e raccordo sono realizzati in titanio ed i diametri, le variazioni di sezione ed i passaggi sfruttano al massimo i flussi di gas, riducendo allo stesso tempo ingombri e pesi.<br \/>Il collettore viene fissato al cilindro mediante una boccola tornita (ricavata mediante lavorazione CNC, disegnata per limitare al massimo ogni interferenza al flusso dei gas di scarico) ed una flangia in lega d\u2019alluminio.<br \/>Anche il perfetto accoppiamento con il raccordo \u00e8 garantito da una boccola tornita.<br \/>Il raccordo \u00e8 fissato al telaio mediante un attacco, che aumenta la rigidit\u00e0 e la stabilit\u00e0 dell\u2019intero sistema di scarico.<br \/>Il terminale, full titanio, assicura ingombri ridotti al minimo, i profili dei fondelli anteriore e posteriore riducono la lunghezza totale del silenziatore, sfruttando al massimo il volume interno e lo spazio disponibile sulla moto.<br \/>Lo studio, e la conseguente adozione, di materiali fonoassorbenti di ultima generazione, sviluppati su specifiche Arrow, consente di rispettare i limiti di rumore sempre pi\u00f9 stringenti imposti dai regolamenti internazionali di gara.<br \/>Le performance del sistema di scarico Arrow OFFROAD MX COMPETITION sono nettamente superiori.<\/p>\n<p>Made in Italy<br \/>Official ARROW 2-year warranty<br><br><\/p>\n<p>Click on the following links to download the attachments:<\/p>\n<p><a href=\"http:\/\/admin.arrow.it\/img\/craft\/scheme\/1287\/4862_Husqvarna_TE250_12-13.jpg\" target=\"_blank\" rel=\"noopener\"><span style=\"color: #dd0000;\"><strong>ASSEMBLY DIAGRAM<\/strong><\/span><\/a><\/p>","protected":false},"excerpt":{"rendered":"<p>kit completo off-road mx competition con fondello carby<\/p>","protected":false},"featured_media":110996,"template":"","meta":{"ocean_post_layout":"","ocean_both_sidebars_style":"","ocean_both_sidebars_content_width":0,"ocean_both_sidebars_sidebars_width":0,"ocean_sidebar":"","ocean_second_sidebar":"","ocean_disable_margins":"enable","ocean_add_body_class":"","ocean_shortcode_before_top_bar":"","ocean_shortcode_after_top_bar":"","ocean_shortcode_before_header":"","ocean_shortcode_after_header":"","ocean_has_shortcode":"","ocean_shortcode_after_title":"","ocean_shortcode_before_footer_widgets":"","ocean_shortcode_after_footer_widgets":"","ocean_shortcode_before_footer_bottom":"","ocean_shortcode_after_footer_bottom":"","ocean_display_top_bar":"default","ocean_display_header":"default","ocean_header_style":"","ocean_center_header_left_menu":"","ocean_custom_header_template":"","ocean_custom_logo":0,"ocean_custom_retina_logo":0,"ocean_custom_logo_max_width":0,"ocean_custom_logo_tablet_max_width":0,"ocean_custom_logo_mobile_max_width":0,"ocean_custom_logo_max_height":0,"ocean_custom_logo_tablet_max_height":0,"ocean_custom_logo_mobile_max_height":0,"ocean_header_custom_menu":"","ocean_menu_typo_font_family":"","ocean_menu_typo_font_subset":"","ocean_menu_typo_font_size":0,"ocean_menu_typo_font_size_tablet":0,"ocean_menu_typo_font_size_mobile":0,"ocean_menu_typo_font_size_unit":"px","ocean_menu_typo_font_weight":"","ocean_menu_typo_font_weight_tablet":"","ocean_menu_typo_font_weight_mobile":"","ocean_menu_typo_transform":"","ocean_menu_typo_transform_tablet":"","ocean_menu_typo_transform_mobile":"","ocean_menu_typo_line_height":0,"ocean_menu_typo_line_height_tablet":0,"ocean_menu_typo_line_height_mobile":0,"ocean_menu_typo_line_height_unit":"","ocean_menu_typo_spacing":0,"ocean_menu_typo_spacing_tablet":0,"ocean_menu_typo_spacing_mobile":0,"ocean_menu_typo_spacing_unit":"","ocean_menu_link_color":"","ocean_menu_link_color_hover":"","ocean_menu_link_color_active":"","ocean_menu_link_background":"","ocean_menu_link_hover_background":"","ocean_menu_link_active_background":"","ocean_menu_social_links_bg":"","ocean_menu_social_hover_links_bg":"","ocean_menu_social_links_color":"","ocean_menu_social_hover_links_color":"","ocean_disable_title":"default","ocean_disable_heading":"default","ocean_post_title":"","ocean_post_subheading":"","ocean_post_title_style":"","ocean_post_title_background_color":"","ocean_post_title_background":0,"ocean_post_title_bg_image_position":"","ocean_post_title_bg_image_attachment":"","ocean_post_title_bg_image_repeat":"","ocean_post_title_bg_image_size":"","ocean_post_title_height":0,"ocean_post_title_bg_overlay":0.5,"ocean_post_title_bg_overlay_color":"","ocean_disable_breadcrumbs":"default","ocean_breadcrumbs_color":"","ocean_breadcrumbs_separator_color":"","ocean_breadcrumbs_links_color":"","ocean_breadcrumbs_links_hover_color":"","ocean_display_footer_widgets":"default","ocean_display_footer_bottom":"default","ocean_custom_footer_template":""},"product_brand":[],"product_cat":[19548],"product_tag":[19549,19550,19551,19552,19553,19554,19555,19556],"class_list":{"0":"post-111189","1":"product","2":"type-product","3":"status-publish","4":"has-post-thumbnail","6":"product_cat-scarichi","7":"product_tag-collettore","8":"product_tag-db-killer","9":"product_tag-db-killer-2","10":"product_tag-dbkiller","11":"product_tag-marmitta","12":"product_tag-scarico-moto","13":"product_tag-silenziatore","14":"product_tag-terminale","15":"product_shipping_class-standard","17":"entry","18":"has-media","20":"first","21":"instock","22":"taxable","23":"shipping-taxable","24":"purchasable","25":"product-type-simple","26":"has-product-nav","27":"col","28":"span_1_of_4","29":"owp-content-center","30":"owp-thumbs-layout-horizontal","31":"owp-btn-normal","32":"owp-tabs-layout-horizontal"},"aioseo_notices":[],"_links":{"self":[{"href":"https:\/\/trenditaly.it\/en\/wp-json\/wp\/v2\/product\/111189","targetHints":{"allow":["GET"]}}],"collection":[{"href":"https:\/\/trenditaly.it\/en\/wp-json\/wp\/v2\/product"}],"about":[{"href":"https:\/\/trenditaly.it\/en\/wp-json\/wp\/v2\/types\/product"}],"version-history":[{"count":0,"href":"https:\/\/trenditaly.it\/en\/wp-json\/wp\/v2\/product\/111189\/revisions"}],"wp:featuredmedia":[{"embeddable":true,"href":"https:\/\/trenditaly.it\/en\/wp-json\/wp\/v2\/media\/110996"}],"wp:attachment":[{"href":"https:\/\/trenditaly.it\/en\/wp-json\/wp\/v2\/media?parent=111189"}],"wp:term":[{"taxonomy":"product_brand","embeddable":true,"href":"https:\/\/trenditaly.it\/en\/wp-json\/wp\/v2\/product_brand?post=111189"},{"taxonomy":"product_cat","embeddable":true,"href":"https:\/\/trenditaly.it\/en\/wp-json\/wp\/v2\/product_cat?post=111189"},{"taxonomy":"product_tag","embeddable":true,"href":"https:\/\/trenditaly.it\/en\/wp-json\/wp\/v2\/product_tag?post=111189"}],"curies":[{"name":"wp","href":"https:\/\/api.w.org\/{rel}","templated":true}]}}