{"id":49,"date":"2023-11-05T12:12:05","date_gmt":"2023-11-05T12:12:05","guid":{"rendered":"https:\/\/trenditaly.it\/?page_id=49"},"modified":"2026-03-25T19:08:15","modified_gmt":"2026-03-25T18:08:15","slug":"termini-e-condizioni","status":"publish","type":"page","link":"https:\/\/trenditaly.it\/en\/termini-e-condizioni\/","title":{"rendered":"Terms and conditions"},"content":{"rendered":"<div data-elementor-type=\"wp-page\" data-elementor-id=\"49\" class=\"elementor elementor-49\" data-elementor-post-type=\"page\">\n\t\t\t\t\t\t<section class=\"elementor-section elementor-top-section elementor-element elementor-element-ddd7937 elementor-section-full_width elementor-section-height-default elementor-section-height-default\" data-id=\"ddd7937\" data-element_type=\"section\" data-e-type=\"section\">\n\t\t\t\t\t\t<div class=\"elementor-container elementor-column-gap-default\">\n\t\t\t\t\t<div class=\"elementor-column elementor-col-100 elementor-top-column elementor-element elementor-element-bc9c85d\" data-id=\"bc9c85d\" data-element_type=\"column\" data-e-type=\"column\">\n\t\t\t<div class=\"elementor-widget-wrap elementor-element-populated\">\n\t\t\t\t\t\t<div class=\"elementor-element elementor-element-be63565 elementor-widget elementor-widget-heading\" data-id=\"be63565\" data-element_type=\"widget\" data-e-type=\"widget\" data-widget_type=\"heading.default\">\n\t\t\t\t<div class=\"elementor-widget-container\">\n\t\t\t\t\t<h1 class=\"elementor-heading-title elementor-size-default\">TERMS AND CONDITIONS OF SALE<\/h1>\t\t\t\t<\/div>\n\t\t\t\t<\/div>\n\t\t\t\t<div class=\"elementor-element elementor-element-1a35f23 elementor-tabs-view-horizontal elementor-widget elementor-widget-tabs\" data-id=\"1a35f23\" data-element_type=\"widget\" data-e-type=\"widget\" data-widget_type=\"tabs.default\">\n\t\t\t\t<div class=\"elementor-widget-container\">\n\t\t\t\t\t\t\t<div class=\"elementor-tabs\">\n\t\t\t<div class=\"elementor-tabs-wrapper\" role=\"tablist\" >\n\t\t\t\t\t\t\t\t\t<div id=\"elementor-tab-title-2741\" class=\"elementor-tab-title elementor-tab-desktop-title\" aria-selected=\"true\" data-tab=\"1\" role=\"tab\" tabindex=\"0\" aria-controls=\"elementor-tab-content-2741\" aria-expanded=\"false\">Italian<\/div>\n\t\t\t\t\t\t\t\t\t<div id=\"elementor-tab-title-2742\" class=\"elementor-tab-title elementor-tab-desktop-title\" aria-selected=\"false\" data-tab=\"2\" role=\"tab\" tabindex=\"-1\" aria-controls=\"elementor-tab-content-2742\" aria-expanded=\"false\">English<\/div>\n\t\t\t\t\t\t\t\t\t<div id=\"elementor-tab-title-2743\" class=\"elementor-tab-title elementor-tab-desktop-title\" aria-selected=\"false\" data-tab=\"3\" role=\"tab\" tabindex=\"-1\" aria-controls=\"elementor-tab-content-2743\" aria-expanded=\"false\">Fran\u00e7aise<\/div>\n\t\t\t\t\t\t\t\t\t<div id=\"elementor-tab-title-2744\" class=\"elementor-tab-title elementor-tab-desktop-title\" aria-selected=\"false\" data-tab=\"4\" role=\"tab\" tabindex=\"-1\" aria-controls=\"elementor-tab-content-2744\" aria-expanded=\"false\">Spanish<\/div>\n\t\t\t\t\t\t\t\t\t<div id=\"elementor-tab-title-2745\" class=\"elementor-tab-title elementor-tab-desktop-title\" aria-selected=\"false\" data-tab=\"5\" role=\"tab\" tabindex=\"-1\" aria-controls=\"elementor-tab-content-2745\" aria-expanded=\"false\">Deutsch<\/div>\n\t\t\t\t\t\t\t<\/div>\n\t\t\t<div class=\"elementor-tabs-content-wrapper\" role=\"tablist\" aria-orientation=\"vertical\">\n\t\t\t\t\t\t\t\t\t<div class=\"elementor-tab-title elementor-tab-mobile-title\" aria-selected=\"true\" data-tab=\"1\" role=\"tab\" tabindex=\"0\" aria-controls=\"elementor-tab-content-2741\" aria-expanded=\"false\">Italian<\/div>\n\t\t\t\t\t<div id=\"elementor-tab-content-2741\" class=\"elementor-tab-content elementor-clearfix\" data-tab=\"1\" role=\"tabpanel\" aria-labelledby=\"elementor-tab-title-2741\" tabindex=\"0\" hidden=\"false\"><iframe style=\"border: none; height: 200vh; width: 100vw;\" src=\"https:\/\/app.legalblink.it\/api\/documents\/65f4865eedc301001a832d99\/termini-per-prodotti-it\"><\/iframe><\/div>\n\t\t\t\t\t\t\t\t\t<div class=\"elementor-tab-title elementor-tab-mobile-title\" aria-selected=\"false\" data-tab=\"2\" role=\"tab\" tabindex=\"-1\" aria-controls=\"elementor-tab-content-2742\" aria-expanded=\"false\">English<\/div>\n\t\t\t\t\t<div id=\"elementor-tab-content-2742\" class=\"elementor-tab-content elementor-clearfix\" data-tab=\"2\" role=\"tabpanel\" aria-labelledby=\"elementor-tab-title-2742\" tabindex=\"0\" hidden=\"hidden\"><iframe style=\"border: none; height: 100vh; width: 100vw;\" src=\"https:\/\/app.legalblink.it\/api\/documents\/65f4865eedc301001a832d99\/termini-per-prodotti-en\"><\/iframe><\/div>\n\t\t\t\t\t\t\t\t\t<div class=\"elementor-tab-title elementor-tab-mobile-title\" aria-selected=\"false\" data-tab=\"3\" role=\"tab\" tabindex=\"-1\" aria-controls=\"elementor-tab-content-2743\" aria-expanded=\"false\">Fran\u00e7aise<\/div>\n\t\t\t\t\t<div id=\"elementor-tab-content-2743\" class=\"elementor-tab-content elementor-clearfix\" data-tab=\"3\" role=\"tabpanel\" aria-labelledby=\"elementor-tab-title-2743\" tabindex=\"0\" hidden=\"hidden\"><iframe style=\"border: none; height: 100vh; width: 100vw;\" src=\"https:\/\/app.legalblink.it\/api\/documents\/65f4865eedc301001a832d99\/termini-per-prodotti-fr\"><\/iframe><\/div>\n\t\t\t\t\t\t\t\t\t<div class=\"elementor-tab-title elementor-tab-mobile-title\" aria-selected=\"false\" data-tab=\"4\" role=\"tab\" tabindex=\"-1\" aria-controls=\"elementor-tab-content-2744\" aria-expanded=\"false\">Spanish<\/div>\n\t\t\t\t\t<div id=\"elementor-tab-content-2744\" class=\"elementor-tab-content elementor-clearfix\" data-tab=\"4\" role=\"tabpanel\" aria-labelledby=\"elementor-tab-title-2744\" tabindex=\"0\" hidden=\"hidden\"><iframe style=\"border: none; height: 100vh; width: 100vw;\" src=\"https:\/\/app.legalblink.it\/api\/documents\/65f4865eedc301001a832d99\/termini-per-prodotti-es\"><\/iframe><\/div>\n\t\t\t\t\t\t\t\t\t<div class=\"elementor-tab-title elementor-tab-mobile-title\" aria-selected=\"false\" data-tab=\"5\" role=\"tab\" tabindex=\"-1\" aria-controls=\"elementor-tab-content-2745\" aria-expanded=\"false\">Deutsch<\/div>\n\t\t\t\t\t<div id=\"elementor-tab-content-2745\" class=\"elementor-tab-content elementor-clearfix\" data-tab=\"5\" role=\"tabpanel\" aria-labelledby=\"elementor-tab-title-2745\" tabindex=\"0\" hidden=\"hidden\"><iframe style=\"border: none; height: 100vh; width: 100vw;\" src=\"https:\/\/app.legalblink.it\/api\/documents\/65f4865eedc301001a832d99\/termini-per-prodotti-de\"><\/iframe><\/div>\n\t\t\t\t\t\t\t<\/div>\n\t\t<\/div>\n\t\t\t\t\t\t<\/div>\n\t\t\t\t<\/div>\n\t\t\t\t\t<\/div>\n\t\t<\/div>\n\t\t\t\t\t<\/div>\n\t\t<\/section>\n\t\t\t\t<section class=\"elementor-section elementor-top-section elementor-element elementor-element-79302c0 elementor-section-boxed elementor-section-height-default elementor-section-height-default\" data-id=\"79302c0\" data-element_type=\"section\" data-e-type=\"section\">\n\t\t\t\t\t\t<div class=\"elementor-container elementor-column-gap-default\">\n\t\t\t\t\t<div class=\"elementor-column elementor-col-100 elementor-top-column elementor-element elementor-element-d477f42\" data-id=\"d477f42\" data-element_type=\"column\" data-e-type=\"column\">\n\t\t\t<div class=\"elementor-widget-wrap elementor-element-populated\">\n\t\t\t\t\t\t<div class=\"elementor-element elementor-element-41b268c elementor-widget elementor-widget-heading\" data-id=\"41b268c\" data-element_type=\"widget\" data-e-type=\"widget\" data-widget_type=\"heading.default\">\n\t\t\t\t<div class=\"elementor-widget-container\">\n\t\t\t\t\t<h2 class=\"elementor-heading-title elementor-size-default\">ADDITIONAL NOTES<\/h2>\t\t\t\t<\/div>\n\t\t\t\t<\/div>\n\t\t\t\t\t<\/div>\n\t\t<\/div>\n\t\t\t\t\t<\/div>\n\t\t<\/section>\n\t\t\t\t<section class=\"elementor-section elementor-top-section elementor-element elementor-element-658ac5e8 elementor-section-boxed elementor-section-height-default elementor-section-height-default\" data-id=\"658ac5e8\" data-element_type=\"section\" data-e-type=\"section\">\n\t\t\t\t\t\t<div class=\"elementor-container elementor-column-gap-default\">\n\t\t\t\t\t<div class=\"elementor-column elementor-col-100 elementor-top-column elementor-element elementor-element-52406d6c\" data-id=\"52406d6c\" data-element_type=\"column\" data-e-type=\"column\">\n\t\t\t<div class=\"elementor-widget-wrap elementor-element-populated\">\n\t\t\t\t\t\t<div class=\"elementor-element elementor-element-6a12bb21 elementor-widget elementor-widget-text-editor\" data-id=\"6a12bb21\" data-element_type=\"widget\" data-e-type=\"widget\" data-widget_type=\"text-editor.default\">\n\t\t\t\t<div class=\"elementor-widget-container\">\n\t\t\t\t\t\t\t\t\t<h1><span style=\"font-size: 14px; color: #0a0a0a; -webkit-text-size-adjust: 100%;\">All goods on the trenditaly.it e-commerce site are ready for delivery unless otherwise indicated.<\/span><\/h1>\n<p>The goods will be shipped within the indicated delivery times as soon as we receive proof of payment unless cash on delivery is requested.<br>We therefore recommend that those who pay by bank transfer or another method other than PayPal send us a copy of the receipt via email.<br><br><b>ECCEZIONI:<\/b><br><br>Per gli scarichi GPR indichiamo una data di consegna stimata. Ma essendo la produzione realizzata su ordinazione la spedizione potrebbe subire ritardi a seconda del periodo dell&#8217;anno o del prodotto richiesto. Prima di ordinare potete mandarci una mail con il codice richiesto, ci interfacceremo con GPR per avere una data di consegna precisa.<\/p>\n<p><b>An invoice is issued for each sale and can be requested via email.<\/b><\/p>\n<p>Trenditaly offers the right of withdrawal, please view the relevant section.<\/p>\n<p>All products are covered by a 2-year warranty.<\/p>\n<p>In the event of a fault or non-compliant goods, the customer can send their request for assistance to the email address info@trenditaly.it where the defect requiring warranty intervention must be described.<br>Subsequently, the goods will be returned to our warehouse or directly to the supplier based on our instructions that we will send you in response to your email.<br>Sending the goods for assistance is to be paid by the consumer.<br>The goods will be repaired or replaced as soon as possible at our expense if it is recognized as the lack of conformity.<\/p>\n<p>All our products are aftermarket unless otherwise indicated in the description.<br>The products are considered approved where expressly mentioned in the description.<br>Where the item approved is not indicated, the product is to be considered non-approved, Racing.<\/p>\n<p>Therefore the use of these items is limited only to use for competitive use and on private closed circuits\/tracks and use on public roads is prohibited.<\/p>\n<p>For PayPal payments it is required that the delivery address coincides with the registration address.<br>Before making a payment with PayPal, check that the shipping address matches.<\/p>\n<p>For any need or request we invite you to contact us at info@trenditaly.it<\/p>\t\t\t\t\t\t\t\t<\/div>\n\t\t\t\t<\/div>\n\t\t\t\t\t<\/div>\n\t\t<\/div>\n\t\t\t\t\t<\/div>\n\t\t<\/section>\n\t\t\t\t<section class=\"elementor-section elementor-top-section elementor-element elementor-element-7185888c elementor-section-boxed elementor-section-height-default elementor-section-height-default\" data-id=\"7185888c\" data-element_type=\"section\" data-e-type=\"section\">\n\t\t\t\t\t\t<div class=\"elementor-container elementor-column-gap-default\">\n\t\t\t\t\t<div class=\"elementor-column elementor-col-100 elementor-top-column elementor-element elementor-element-5e992d97\" data-id=\"5e992d97\" data-element_type=\"column\" data-e-type=\"column\">\n\t\t\t<div class=\"elementor-widget-wrap elementor-element-populated\">\n\t\t\t\t\t\t<div class=\"elementor-element elementor-element-353f2b75 elementor-widget elementor-widget-heading\" data-id=\"353f2b75\" data-element_type=\"widget\" data-e-type=\"widget\" data-widget_type=\"heading.default\">\n\t\t\t\t<div class=\"elementor-widget-container\">\n\t\t\t\t\t<h2 class=\"elementor-heading-title elementor-size-default\">MONEY BACK GUARANTEE<\/h2>\t\t\t\t<\/div>\n\t\t\t\t<\/div>\n\t\t\t\t<div class=\"elementor-element elementor-element-663260cf elementor-widget elementor-widget-text-editor\" data-id=\"663260cf\" data-element_type=\"widget\" data-e-type=\"widget\" data-widget_type=\"text-editor.default\">\n\t\t\t\t<div class=\"elementor-widget-container\">\n\t\t\t\t\t\t\t\t\t<h1><span style=\"font-size: 14px; color: #0a0a0a; -webkit-text-size-adjust: 100%;\">Trenditaly offers the &quot;Right of Withdrawal&quot;.<\/span><\/h1>\n<p>If you are not satisfied with the item you can return it and receive a refund.<\/p>\n<p>The withdrawal must be exercised within 10 working days of receipt of the goods by sending an email to the email address info@trenditaly.it<\/p>\n<p>The right of withdrawal cannot be exercised if the product is not intact, i.e<\/p>\n<p>-in the absence of the original packaging<br>-in the absence of integral elements of the product<br>-for damage to the product<\/p>\n<p>The right of withdrawal is reserved exclusively for consumers (natural persons who purchase the goods not for purposes related to their professional, commercial or entrepreneurial activity), therefore it cannot be exercised by legal entities and natural persons acting for purposes related to the activity professional activity possibly carried out.<\/p>\n<p>The costs of sending and returning the product are borne by the customer.<\/p>\n<p>The refund will be made, once the goods have been received in intact and original condition, via the payment method used for the purchase.<\/p>\n<p>For any need or request we invite you to contact us at info@trenditaly.it<br><\/p>\n<h1 style=\"font-variant-ligatures: normal; font-variant-caps: normal; font-family: &quot;Open Sans&quot;, sans-serif; font-style: normal;\"><span style=\"font-size: 14px; text-size-adjust: 100%;\"><font color=\"#0a0a0a\">Note ed esclusioni:<\/font><br><font color=\"#4a4a4a\"><span style=\"font-weight: 400;\">La restituzione o il cambio di articoli di abbigliamento, caschi e teli coprimoto si accetta solo se la merce viene restituita pulita, senza macchie e senza rimozione di eventuali etichette.<br>Non si effettuano resi e\/o sostituzioni per articoli realizzati su misura o su ordinazione con specifiche richieste, come ad esempio stampe personalizzate su teli coprimoto e abbigliamento, modifiche e\/o lavorazioni particolari su richiesta.<\/span><\/font><\/span><\/h1>\t\t\t\t\t\t\t\t<\/div>\n\t\t\t\t<\/div>\n\t\t\t\t\t<\/div>\n\t\t<\/div>\n\t\t\t\t\t<\/div>\n\t\t<\/section>\n\t\t\t\t<\/div>","protected":false},"excerpt":{"rendered":"<p>TERMINI E CONDIZIONI DI VENDITA Italiano English Fran\u00e7aise Espa\u00f1ol Deutsch Italiano English Fran\u00e7aise Espa\u00f1ol Deutsch NOTE AGGIUNTIVE Tutta la merce presente sul sito e-commerce trenditaly.it \u00e8 in pronta consegna salvo dove diversamente indicato. La merce verr\u00e0 spedita nei tempi di consegna indicati non appena riceveremo prova dell&#8217;avvenuto pagamento a meno che si richieda consegna in [&hellip;]<\/p>\n","protected":false},"author":10,"featured_media":0,"parent":0,"menu_order":0,"comment_status":"closed","ping_status":"closed","template":"","meta":{"ocean_post_layout":"","ocean_both_sidebars_style":"","ocean_both_sidebars_content_width":0,"ocean_both_sidebars_sidebars_width":0,"ocean_sidebar":"","ocean_second_sidebar":"","ocean_disable_margins":"enable","ocean_add_body_class":"","ocean_shortcode_before_top_bar":"","ocean_shortcode_after_top_bar":"","ocean_shortcode_before_header":"","ocean_shortcode_after_header":"","ocean_has_shortcode":"","ocean_shortcode_after_title":"","ocean_shortcode_before_footer_widgets":"","ocean_shortcode_after_footer_widgets":"","ocean_shortcode_before_footer_bottom":"","ocean_shortcode_after_footer_bottom":"","ocean_display_top_bar":"default","ocean_display_header":"default","ocean_header_style":"","ocean_center_header_left_menu":"","ocean_custom_header_template":"","ocean_custom_logo":0,"ocean_custom_retina_logo":0,"ocean_custom_logo_max_width":0,"ocean_custom_logo_tablet_max_width":0,"ocean_custom_logo_mobile_max_width":0,"ocean_custom_logo_max_height":0,"ocean_custom_logo_tablet_max_height":0,"ocean_custom_logo_mobile_max_height":0,"ocean_header_custom_menu":"","ocean_menu_typo_font_family":"","ocean_menu_typo_font_subset":"","ocean_menu_typo_font_size":0,"ocean_menu_typo_font_size_tablet":0,"ocean_menu_typo_font_size_mobile":0,"ocean_menu_typo_font_size_unit":"px","ocean_menu_typo_font_weight":"","ocean_menu_typo_font_weight_tablet":"","ocean_menu_typo_font_weight_mobile":"","ocean_menu_typo_transform":"","ocean_menu_typo_transform_tablet":"","ocean_menu_typo_transform_mobile":"","ocean_menu_typo_line_height":0,"ocean_menu_typo_line_height_tablet":0,"ocean_menu_typo_line_height_mobile":0,"ocean_menu_typo_line_height_unit":"","ocean_menu_typo_spacing":0,"ocean_menu_typo_spacing_tablet":0,"ocean_menu_typo_spacing_mobile":0,"ocean_menu_typo_spacing_unit":"","ocean_menu_link_color":"","ocean_menu_link_color_hover":"","ocean_menu_link_color_active":"","ocean_menu_link_background":"","ocean_menu_link_hover_background":"","ocean_menu_link_active_background":"","ocean_menu_social_links_bg":"","ocean_menu_social_hover_links_bg":"","ocean_menu_social_links_color":"","ocean_menu_social_hover_links_color":"","ocean_disable_title":"default","ocean_disable_heading":"default","ocean_post_title":"","ocean_post_subheading":"","ocean_post_title_style":"","ocean_post_title_background_color":"","ocean_post_title_background":0,"ocean_post_title_bg_image_position":"","ocean_post_title_bg_image_attachment":"","ocean_post_title_bg_image_repeat":"","ocean_post_title_bg_image_size":"","ocean_post_title_height":0,"ocean_post_title_bg_overlay":0.5,"ocean_post_title_bg_overlay_color":"","ocean_disable_breadcrumbs":"default","ocean_breadcrumbs_color":"","ocean_breadcrumbs_separator_color":"","ocean_breadcrumbs_links_color":"","ocean_breadcrumbs_links_hover_color":"","ocean_display_footer_widgets":"default","ocean_display_footer_bottom":"default","ocean_custom_footer_template":"","footnotes":""},"class_list":["post-49","page","type-page","status-publish","hentry","entry","owp-thumbs-layout-horizontal","owp-btn-normal","owp-tabs-layout-horizontal","has-no-thumbnails","has-product-nav"],"aioseo_notices":[],"_links":{"self":[{"href":"https:\/\/trenditaly.it\/en\/wp-json\/wp\/v2\/pages\/49","targetHints":{"allow":["GET"]}}],"collection":[{"href":"https:\/\/trenditaly.it\/en\/wp-json\/wp\/v2\/pages"}],"about":[{"href":"https:\/\/trenditaly.it\/en\/wp-json\/wp\/v2\/types\/page"}],"author":[{"embeddable":true,"href":"https:\/\/trenditaly.it\/en\/wp-json\/wp\/v2\/users\/10"}],"replies":[{"embeddable":true,"href":"https:\/\/trenditaly.it\/en\/wp-json\/wp\/v2\/comments?post=49"}],"version-history":[{"count":3,"href":"https:\/\/trenditaly.it\/en\/wp-json\/wp\/v2\/pages\/49\/revisions"}],"predecessor-version":[{"id":123153,"href":"https:\/\/trenditaly.it\/en\/wp-json\/wp\/v2\/pages\/49\/revisions\/123153"}],"wp:attachment":[{"href":"https:\/\/trenditaly.it\/en\/wp-json\/wp\/v2\/media?parent=49"}],"curies":[{"name":"wp","href":"https:\/\/api.w.org\/{rel}","templated":true}]}}